{"id":231,"date":"2025-01-05T16:35:39","date_gmt":"2025-01-05T15:35:39","guid":{"rendered":"https:\/\/inter-latam.com\/?page_id=231"},"modified":"2025-01-23T15:56:50","modified_gmt":"2025-01-23T14:56:50","slug":"impressum","status":"publish","type":"page","link":"https:\/\/inter-latam.com\/?page_id=231","title":{"rendered":"Impressum"},"content":{"rendered":"\n<figure class=\"wp-block-image aligncenter size-large\"><img loading=\"lazy\" decoding=\"async\" width=\"1024\" height=\"192\" src=\"https:\/\/inter-latam.com\/wp-content\/uploads\/2025\/01\/InterLatam-Titleslogan-1024x192.png\" alt=\"\" class=\"wp-image-118\" srcset=\"https:\/\/inter-latam.com\/wp-content\/uploads\/2025\/01\/InterLatam-Titleslogan-1024x192.png 1024w, https:\/\/inter-latam.com\/wp-content\/uploads\/2025\/01\/InterLatam-Titleslogan-300x56.png 300w, https:\/\/inter-latam.com\/wp-content\/uploads\/2025\/01\/InterLatam-Titleslogan-768x144.png 768w, https:\/\/inter-latam.com\/wp-content\/uploads\/2025\/01\/InterLatam-Titleslogan-1536x288.png 1536w, https:\/\/inter-latam.com\/wp-content\/uploads\/2025\/01\/InterLatam-Titleslogan-2048x384.png 2048w\" sizes=\"auto, (max-width: 1024px) 100vw, 1024px\" \/><\/figure>\n\n\n<h2 class=\"wp-block-heading has-text-align-center\" id=\"imprint-impressum\">Imprint \/ Impressum<\/h2>\n\n\n\n<p class=\"has-text-align-center\"><strong>We assume no liability for the accuracy, completeness and topicality of the information\/<br>F\u00fcr die Richtigkeit, Vollst\u00e4ndigkeit und Aktualit\u00e4t der Informationen wird keine Haftung \u00fcbernommen.<br><\/strong><\/p>\n\n\n\n<p class=\"has-text-align-center\"><strong>The following company is responsible for the content of this Website \/<\/strong><br><strong> Verantwortlich f\u00fcr den Inhalt dieser Website ist die<\/strong>:<\/p>\n\n\n\n<div class=\"wp-block-group has-global-padding is-layout-constrained wp-block-group-is-layout-constrained\">\n<p class=\"has-text-align-center\">Inter-LatAm Consulting Arisla dos Santos (Einzelunternehmerin)<\/p>\n\n\n\n<p class=\"has-text-align-center\">Wilhelm-Hauff Strasse 53<br>DE-85586 Poing<\/p>\n\n\n\n<p class=\"has-text-align-center\">+49-(0)178-1967 252<\/p>\n\n\n\n<p class=\"has-text-align-center\"><a href=\"mailto:infinite.solutions@outlook.de\">arisla.santos@inter-latam.com<\/a><br><br>Data Privacy Officer \/ Datenschutzbeauftragte: Arisla dos Santos<\/p>\n\n\n\n<p class=\"has-text-align-center has-small-font-size\" style=\"margin-top:12px\">Alternative dispute resolution in accordance with Art. 14 para. 1 ODR-VO and \u00a7 36 VSBG:<\/p>\n\n\n\n<p class=\"has-text-align-center has-small-font-size\" style=\"margin-top:12px\">The European Commission provides a platform for online dispute resolution (ODR). You can find the platform at: <a href=\"http:\/\/ec.europa.eu\/consumers\/odr\/\">http:\/\/ec.europa.eu\/consumers\/odr\/<\/a>. As a customer, you have the option of contacting the European Commission&#8217;s dispute resolution body at any time. We are not willing or obliged to participate in dispute resolution proceedings before a consumer arbitration board of the European Commission.<\/p>\n\n\n\n<p class=\"has-text-align-center has-small-font-size\" style=\"margin-top:12px\">Disclaimer:<\/p>\n\n\n\n<p class=\"has-text-align-center has-small-font-size\" style=\"margin-top:12px\">The information on this website is provided for general information purposes only.<\/p>\n\n\n\n<p class=\"has-text-align-center has-small-font-size\" style=\"margin-top:12px\">We have checked the information carefully, but accept no liability for the accuracy, completeness and topicality of the information provided. The content of external websites that can be reached via hyperlinks from this site or that refer to this site is third-party content. The operators of the linked websites are solely responsible for their content.<\/p>\n\n\n\n<p class=\"has-text-align-center has-small-font-size\" style=\"margin-top:12px\">Responsible for the content of this website:<\/p>\n\n\n\n<p class=\"has-text-align-center has-small-font-size\" style=\"margin-top:12px\">Responsible for content according to \u00a7 18 Abs. 2 MStV: Arisla dos Santos, address see above.<\/p>\n\n\n\n<p class=\"has-text-align-center has-small-font-size\" style=\"margin-top:12px\">Please also note our privacy policy.<br><br>Alternative Streitbeilegung gem\u00e4\u00df Art. 14 Abs. 1 ODR-VO und \u00a7 36 VSBG:<\/p>\n\n\n\n<p class=\"has-text-align-center has-small-font-size\" style=\"margin-top:12px\">Die Europ\u00e4ische Kommission stellt eine Plattform zur Online-Streitbeilegung (OS) bereit. Die Plattform finden Sie unter:\u00a0<a href=\"http:\/\/ec.europa.eu\/consumers\/odr\/\" target=\"_blank\" rel=\"noreferrer noopener\">http:\/\/ec.europa.eu\/consumers\/odr\/.<\/a>\u00a0Als Kunde haben Sie jederzeit die M\u00f6glichkeit, die Schlichtungsstelle der Europ\u00e4ischen Kommission zu kontaktieren. Wir sind nicht bereit oder verpflichtet, an Streitbeilegungsverfahren vor einer Verbraucherschlichtungsstelle der Europ\u00e4ischen Kommission teilzunehmen.<\/p>\n<\/div>\n\n\n\n<p class=\"has-text-align-center has-small-font-size\" style=\"margin-top:12px\">Haftungshinweise:<\/p>\n\n\n\n<p class=\"has-text-align-center has-small-font-size\" style=\"margin-top:12px\">Die Angaben auf dieser Webseite erfolgen nur zu allgemeinen Informationszwecken.<\/p>\n\n\n\n<p class=\"has-text-align-center has-small-font-size\" style=\"margin-top:12px\">Wir haben die Angaben sorgf\u00e4ltig gepr\u00fcft, \u00fcbernehmen jedoch keinerlei Gew\u00e4hr f\u00fcr die Richtigkeit, Vollst\u00e4ndigkeit und Aktualit\u00e4t der angebotenen Informationen. Die Inhalte externer Webseiten, die \u00fcber Hyperlinks von dieser Seite aus erreicht werden k\u00f6nnen, oder die auf diese Seite verweisen, sind fremde Inhalte. F\u00fcr die Inhalte der verlinkten Webseiten sind ausschlie\u00dflich deren Betreiber verantwortlich.<\/p>\n\n\n\n<p class=\"has-text-align-center has-small-font-size\" style=\"margin-top:12px\">Verantwortlich f\u00fcr den Inhalt dieser Webseite:<\/p>\n\n\n\n<p class=\"has-text-align-center has-small-font-size\" style=\"margin-top:12px\">Inhaltlich Verantwortlicher gem\u00e4\u00df \u00a7 18 Abs. 2 MStV: Arisla dos Santos, Adresse s.o.<\/p>\n\n\n\n<p class=\"has-text-align-center has-small-font-size\" style=\"margin-top:12px\">Bitte beachte auch unsere Datenschutzerkl\u00e4rung.<\/p>\n","protected":false},"excerpt":{"rendered":"<p>Imprint \/ Impressum We assume no liability for the accuracy, completeness and topicality of the information\/F\u00fcr die Richtigkeit, Vollst\u00e4ndigkeit und Aktualit\u00e4t der Informationen wird keine Haftung \u00fcbernommen. The following company is responsible for the content of this Website \/ Verantwortlich f\u00fcr den Inhalt dieser Website ist die: Inter-LatAm Consulting Arisla dos Santos (Einzelunternehmerin) Wilhelm-Hauff Strasse [&hellip;]<\/p>\n","protected":false},"author":1,"featured_media":0,"parent":153,"menu_order":0,"comment_status":"closed","ping_status":"closed","template":"","meta":{"site-container-style":"default","site-container-layout":"default","site-sidebar-layout":"default","site-transparent-header":"default","disable-article-header":"default","disable-site-header":"default","disable-site-footer":"default","disable-content-area-spacing":"default","footnotes":""},"class_list":["post-231","page","type-page","status-publish","hentry"],"aioseo_notices":[],"_links":{"self":[{"href":"https:\/\/inter-latam.com\/index.php?rest_route=\/wp\/v2\/pages\/231","targetHints":{"allow":["GET"]}}],"collection":[{"href":"https:\/\/inter-latam.com\/index.php?rest_route=\/wp\/v2\/pages"}],"about":[{"href":"https:\/\/inter-latam.com\/index.php?rest_route=\/wp\/v2\/types\/page"}],"author":[{"embeddable":true,"href":"https:\/\/inter-latam.com\/index.php?rest_route=\/wp\/v2\/users\/1"}],"replies":[{"embeddable":true,"href":"https:\/\/inter-latam.com\/index.php?rest_route=%2Fwp%2Fv2%2Fcomments&post=231"}],"version-history":[{"count":22,"href":"https:\/\/inter-latam.com\/index.php?rest_route=\/wp\/v2\/pages\/231\/revisions"}],"predecessor-version":[{"id":725,"href":"https:\/\/inter-latam.com\/index.php?rest_route=\/wp\/v2\/pages\/231\/revisions\/725"}],"up":[{"embeddable":true,"href":"https:\/\/inter-latam.com\/index.php?rest_route=\/wp\/v2\/pages\/153"}],"wp:attachment":[{"href":"https:\/\/inter-latam.com\/index.php?rest_route=%2Fwp%2Fv2%2Fmedia&parent=231"}],"curies":[{"name":"wp","href":"https:\/\/api.w.org\/{rel}","templated":true}]}}